{"id":274,"date":"2024-02-21T03:37:27","date_gmt":"2024-02-21T03:37:27","guid":{"rendered":"https:\/\/coffeepedia.mx\/?page_id=274"},"modified":"2024-02-21T04:01:30","modified_gmt":"2024-02-21T04:01:30","slug":"bebidas-en-prueba-de-receta-muy-pornto-en-barra","status":"publish","type":"page","link":"https:\/\/coffeepedia.mx\/?page_id=274","title":{"rendered":"\u00a1Bebidas en prueba de receta! Muy pornto en barra"},"content":{"rendered":"\n<p>Queremos ofrecerte bebidas nuevas para a\u00f1adirlas a nuestro men\u00fa tradicional. Ya estamos probando las recetas para estas nuevas bebidas que si est\u00e1s en el rollo m\u00e1s saludable, estamos seguros que te encantar\u00e1n!<\/p>\n\n\n\n<h2 class=\"wp-block-heading\">Bulletproof Coffee<\/h2>\n\n\n\n<div class=\"wp-block-columns is-layout-flex wp-container-3 wp-block-columns-is-layout-flex\">\n<div class=\"wp-block-column is-layout-flow wp-block-column-is-layout-flow\"><div class=\"wp-block-image\">\n<figure class=\"aligncenter size-full is-resized\"><img decoding=\"async\" loading=\"lazy\" width=\"1024\" height=\"1024\" src=\"https:\/\/coffeepedia.mx\/wp-content\/uploads\/2024\/02\/Bulletproof-Coffee.webp\" alt=\"\" class=\"wp-image-275\" style=\"aspect-ratio:1;width:394px;height:auto\" srcset=\"https:\/\/coffeepedia.mx\/wp-content\/uploads\/2024\/02\/Bulletproof-Coffee.webp 1024w, https:\/\/coffeepedia.mx\/wp-content\/uploads\/2024\/02\/Bulletproof-Coffee-300x300.webp 300w, https:\/\/coffeepedia.mx\/wp-content\/uploads\/2024\/02\/Bulletproof-Coffee-150x150.webp 150w, https:\/\/coffeepedia.mx\/wp-content\/uploads\/2024\/02\/Bulletproof-Coffee-768x768.webp 768w\" sizes=\"(max-width: 1024px) 100vw, 1024px\" \/><\/figure><\/div><\/div>\n\n\n\n<div class=\"wp-block-column is-layout-flow wp-block-column-is-layout-flow\">\n<p>El bulletproof coffee, es una bebida popular entre aquellos que siguen dietas bajas en carbohidratos y cetog\u00e9nicas. Fue creado por Dave Asprey, un empresario en tecnolog\u00eda y bienestar, inspirado en su experiencia con el t\u00e9 de mantequilla mientras viajaba en el T\u00edbet. El bulletproof coffee es una bebida energ\u00e9tica que consiste en caf\u00e9 mezclado con ghee y triglic\u00e9ridos de cadena media (MCT oil). Esta combinaci\u00f3n de grasas saludables y cafe\u00edna produce un efecto sostenido de energ\u00eda y saciedad, diferenci\u00e1ndose de los picos y ca\u00eddas de energ\u00eda que a menudo siguen al consumo de caf\u00e9 solo.<\/p>\n<\/div>\n<\/div>\n\n\n\n<h3 class=\"wp-block-heading\">Beneficios para la Salud<\/h3>\n\n\n\n<p>Aunque las afirmaciones de beneficios para la salud del bulletproof coffee son motivo de debate, algunos de los argumentados incluyen:<\/p>\n\n\n\n<ul>\n<li><strong>Mejora de la energ\u00eda y la concentraci\u00f3n:<\/strong> La combinaci\u00f3n de cafe\u00edna con grasas saludables puede ayudar a mantener niveles estables de energ\u00eda y mejorar la concentraci\u00f3n, en comparaci\u00f3n con el caf\u00e9 tradicional.<\/li>\n\n\n\n<li><strong>P\u00e9rdida de peso:<\/strong> Algunos sugieren que el bulletproof coffee puede ayudar en la p\u00e9rdida de peso al aumentar el metabolismo y reducir el apetito, gracias a las grasas de cadena media.<\/li>\n\n\n\n<li><strong>Apoyo a la dieta cetog\u00e9nica:<\/strong> Para quienes siguen una dieta cetog\u00e9nica, esta bebida puede ayudar a mantener el estado de cetosis, el cual favorece la quema de grasas como fuente principal de energ\u00eda.<\/li>\n<\/ul>\n\n\n\n<h3 class=\"wp-block-heading\">C\u00f3mo Prepararlo<\/h3>\n\n\n\n<p>La preparaci\u00f3n del bulletproof coffee es sencilla. Solo necesitas: Caf\u00e9 (si es de especialidad tostado medio, como el nuestro es mucho mejor!), ghee y aceite MCT <\/p>\n\n\n\n<p>Aunque el bulletproof coffee puede ser una adici\u00f3n \u00fatil a tu rutina matutina, especialmente si sigues una dieta baja en carbohidratos o cetog\u00e9nica, es importante recordar que debe consumirse como parte de una dieta balanceada. La bebida es alta en calor\u00edas y grasas, por lo que se debe tener cuidado si se tiene como objetivo la p\u00e9rdida de peso o se tienen condiciones de salud espec\u00edficas. Como con cualquier cambio en la dieta, es recomendable consultar a un profesional de la salud.<\/p>\n\n\n\n<h2 class=\"wp-block-heading\">Leche Dorada<\/h2>\n\n\n\n<div class=\"wp-block-columns is-layout-flex wp-container-6 wp-block-columns-is-layout-flex\">\n<div class=\"wp-block-column is-layout-flow wp-block-column-is-layout-flow\">\n<p>La golden milk, es una bebida que ha ganado popularidad en los \u00faltimos a\u00f1os dentro de la comunidad de la salud y bienestar, aunque sus or\u00edgenes se remontan a la medicina ayurv\u00e9dica de la India. Esta bebida se destaca por su principal componente, la c\u00farcuma, una especia conocida por sus numerosos beneficios para la salud, incluyendo propiedades antiinflamatorias y antioxidantes. La golden milk es apreciada no solo por sus posibles beneficios para la salud, sino tambi\u00e9n por su sabor \u00fanico y reconfortante. Esta bebida puede disfrutarse caliente o fr\u00eda, aunque es m\u00e1s com\u00fanmente servida caliente.<\/p>\n<\/div>\n\n\n\n<div class=\"wp-block-column is-layout-flow wp-block-column-is-layout-flow\">\n<figure class=\"wp-block-image size-full\"><img decoding=\"async\" loading=\"lazy\" width=\"1024\" height=\"1024\" src=\"https:\/\/coffeepedia.mx\/wp-content\/uploads\/2024\/02\/Golden-Milk.webp\" alt=\"\" class=\"wp-image-276\" srcset=\"https:\/\/coffeepedia.mx\/wp-content\/uploads\/2024\/02\/Golden-Milk.webp 1024w, https:\/\/coffeepedia.mx\/wp-content\/uploads\/2024\/02\/Golden-Milk-300x300.webp 300w, https:\/\/coffeepedia.mx\/wp-content\/uploads\/2024\/02\/Golden-Milk-150x150.webp 150w, https:\/\/coffeepedia.mx\/wp-content\/uploads\/2024\/02\/Golden-Milk-768x768.webp 768w\" sizes=\"(max-width: 1024px) 100vw, 1024px\" \/><\/figure>\n<\/div>\n<\/div>\n\n\n\n<h3 class=\"wp-block-heading\">Beneficios para la Salud<\/h3>\n\n\n\n<p>Los beneficios de la golden milk se derivan principalmente de la c\u00farcuma, que contiene curcumina, un potente antiinflamatorio y antioxidante. Algunos de los beneficios atribuidos a la golden milk incluyen:<\/p>\n\n\n\n<ul>\n<li><strong>Propiedades antiinflamatorias:<\/strong> Puede ayudar a reducir la inflamaci\u00f3n y el dolor en condiciones como la artritis.<\/li>\n\n\n\n<li><strong>Soporte al sistema inmunol\u00f3gico:<\/strong> La c\u00farcuma ha sido reconocida por sus propiedades que pueden fortalecer el sistema inmunol\u00f3gico.<\/li>\n\n\n\n<li><strong>Mejora de la salud digestiva:<\/strong> La c\u00farcuma puede contribuir a una digesti\u00f3n saludable y aliviar problemas digestivos.<\/li>\n\n\n\n<li><strong>Beneficios antioxidantes:<\/strong> La curcumina tiene fuertes propiedades antioxidantes que pueden proteger contra el da\u00f1o celular.<\/li>\n\n\n\n<li><strong>Mejora del estado de \u00e1nimo y apoyo a la funci\u00f3n cerebral:<\/strong> Algunos estudios sugieren que la curcumina puede mejorar el estado de \u00e1nimo y la funci\u00f3n cerebral.<\/li>\n<\/ul>\n\n\n\n<h3 class=\"wp-block-heading\">C\u00f3mo Prepararla<\/h3>\n\n\n\n<p>Preparar golden milk es simple y r\u00e1pido, los ingredientes para prepararla son: leche, c\u00farcuma, jengibre, pimienta negra, canela en polvo y miel. En Coffeepedia usamos una mezcla preparada por Mico Coraz\u00f3n llamada Golden Mix, que incluye en sus ingredientes: c\u00farcuma, pimienta, especias y chaga (un hongo adapt\u00f3geno que es pontente antioxidante), puedes leer m\u00e1s de la mezcla <a href=\"https:\/\/mico-corazon.com\/products\/golden-chaga-mix-envios-a-todo-mexico?_pos=1&amp;_sid=ebba0225f&amp;_ss=r\" data-type=\"link\" data-id=\"https:\/\/mico-corazon.com\/products\/golden-chaga-mix-envios-a-todo-mexico?_pos=1&amp;_sid=ebba0225f&amp;_ss=r\">aqu\u00ed<\/a>. La miel que utilizamos es miel cruda de productores mexicanos de la que puedese leer m\u00e1s en <a href=\"https:\/\/www.mielcrudademexico.com\/\" data-type=\"link\" data-id=\"https:\/\/www.mielcrudademexico.com\/\">Niyol<\/a>.<\/p>\n\n\n\n<p>La golden milk es una excelente adici\u00f3n a tu rutina de bienestar, especialmente durante los meses m\u00e1s fr\u00edos, gracias a sus propiedades reconfortantes y beneficios para la salud. Sin embargo, como con cualquier suplemento o cambio en la dieta, es recomendable consultar a un profesional de la salud antes de incorporarla de manera regular, especialmente si tienes condiciones de salud espec\u00edficas o est\u00e1s tomando medicamentos.<\/p>\n","protected":false},"excerpt":{"rendered":"<p>Queremos ofrecerte bebidas nuevas para a\u00f1adirlas a nuestro men\u00fa tradicional. Ya estamos probando las recetas para estas nuevas bebidas que si est\u00e1s en el rollo m\u00e1s saludable, estamos seguros que te encantar\u00e1n! Bulletproof Coffee El bulletproof coffee, es una bebida popular entre aquellos que siguen dietas bajas en carbohidratos y cetog\u00e9nicas. Fue creado por Dave&#8230; <\/p>\n<div class=\"link-more\"><a href=\"https:\/\/coffeepedia.mx\/?page_id=274\">Read More<\/a><\/div>\n","protected":false},"author":2,"featured_media":0,"parent":0,"menu_order":0,"comment_status":"closed","ping_status":"closed","template":"","meta":{"_exactmetrics_skip_tracking":false,"_exactmetrics_sitenote_active":false,"_exactmetrics_sitenote_note":"","_exactmetrics_sitenote_category":0,"footnotes":""},"_links":{"self":[{"href":"https:\/\/coffeepedia.mx\/index.php?rest_route=\/wp\/v2\/pages\/274"}],"collection":[{"href":"https:\/\/coffeepedia.mx\/index.php?rest_route=\/wp\/v2\/pages"}],"about":[{"href":"https:\/\/coffeepedia.mx\/index.php?rest_route=\/wp\/v2\/types\/page"}],"author":[{"embeddable":true,"href":"https:\/\/coffeepedia.mx\/index.php?rest_route=\/wp\/v2\/users\/2"}],"replies":[{"embeddable":true,"href":"https:\/\/coffeepedia.mx\/index.php?rest_route=%2Fwp%2Fv2%2Fcomments&post=274"}],"version-history":[{"count":4,"href":"https:\/\/coffeepedia.mx\/index.php?rest_route=\/wp\/v2\/pages\/274\/revisions"}],"predecessor-version":[{"id":281,"href":"https:\/\/coffeepedia.mx\/index.php?rest_route=\/wp\/v2\/pages\/274\/revisions\/281"}],"wp:attachment":[{"href":"https:\/\/coffeepedia.mx\/index.php?rest_route=%2Fwp%2Fv2%2Fmedia&parent=274"}],"curies":[{"name":"wp","href":"https:\/\/api.w.org\/{rel}","templated":true}]}}